{"id":15,"date":"2026-02-13T09:26:57","date_gmt":"2026-02-13T09:26:57","guid":{"rendered":"https:\/\/atoutprix-quimper.com\/?page_id=15"},"modified":"2026-02-26T09:54:59","modified_gmt":"2026-02-26T09:54:59","slug":"accueil","status":"publish","type":"page","link":"https:\/\/atoutprix-quimper.com\/","title":{"rendered":"Accueil"},"content":{"rendered":"\n<figure class=\"wp-block-image size-full is-style-default\"><img loading=\"lazy\" decoding=\"async\" width=\"1976\" height=\"756\" src=\"https:\/\/atoutprix-quimper.com\/wp-content\/uploads\/2026\/02\/entete_siteV4.jpg\" alt=\"\" class=\"wp-image-190\" style=\"object-fit:cover\" srcset=\"https:\/\/atoutprix-quimper.com\/wp-content\/uploads\/2026\/02\/entete_siteV4.jpg 1976w, https:\/\/atoutprix-quimper.com\/wp-content\/uploads\/2026\/02\/entete_siteV4-300x115.jpg 300w, https:\/\/atoutprix-quimper.com\/wp-content\/uploads\/2026\/02\/entete_siteV4-1024x392.jpg 1024w, https:\/\/atoutprix-quimper.com\/wp-content\/uploads\/2026\/02\/entete_siteV4-768x294.jpg 768w, https:\/\/atoutprix-quimper.com\/wp-content\/uploads\/2026\/02\/entete_siteV4-1536x588.jpg 1536w, https:\/\/atoutprix-quimper.com\/wp-content\/uploads\/2026\/02\/entete_siteV4-1140x436.jpg 1140w\" sizes=\"auto, (max-width: 1976px) 100vw, 1976px\" \/><\/figure>\n\n\n\n<div class=\"wp-block-uagb-separator uagb-block-3cbd0a09\"><div class=\"uagb-separator-spacing-wrapper\"><div class=\"wp-block-uagb-separator__inner\" style=\"--my-background-image:\"><\/div><\/div><\/div>\n\n\n\n<p class=\"has-text-align-center has-large-font-size\">Bienvenue chez Atout Prix !<\/p>\n\n\n\n<div class=\"wp-block-uagb-separator uagb-block-f71ac111\"><div class=\"uagb-separator-spacing-wrapper\"><div class=\"wp-block-uagb-separator__inner\" style=\"--my-background-image:\"><\/div><\/div><\/div>\n\n\n\n<p class=\"has-text-align-center has-medium-font-size\">Nous sommes un magasin de destockage, ouvert depuis 2003 et situ\u00e9 au<strong> 81-83 avenue TyBos \u00e0 Quimper<\/strong>.<\/p>\n\n\n\n<p class=\"has-text-align-center has-medium-font-size\">Notre magasin dispose d&rsquo;une <strong>surface de 2000m\u00b2<\/strong> pour vous proposer des <strong>produits de grandes marques de qualit\u00e9<\/strong>, \u00e0 prix exceptionnels.<\/p>\n\n\n\n<p class=\"has-text-align-center has-medium-font-size\">Ceux-ci sont multiples : pr\u00eat \u00e0 porter, chaussures, cosm\u00e9tique, \u00e9lectrom\u00e9nager, d\u00e9coration, accessoires, alimentaire\u2026 <\/p>\n\n\n\n<p class=\"has-text-align-center has-medium-font-size\">Nous proposons les meilleurs produits issus de saisies, liquidations, judiciaires, faillites, litiges transports, destock usines, retour douanes, etc.<br><\/p>\n\n\n\n<p class=\"has-text-align-center has-medium-font-size\">Venez chercher chez nous ce que vous ne trouverez pas ailleurs, au meilleur prix !<\/p>\n\n\n\n<div class=\"wp-block-uagb-separator uagb-block-259a1aa5\"><div class=\"uagb-separator-spacing-wrapper\"><div class=\"wp-block-uagb-separator__inner\" style=\"--my-background-image:\"><\/div><\/div><\/div>\n\n\n\t\t\t\t\t<div\n\t\t\t\t\t\tclass=\"wp-block-uagb-image-gallery uagb-block-642ae2cf     \"\n\t\t\t\t\t\tstyle=\"\"\n\t\t\t\t\t>\n\t\t\t\t\t\t\t\t\t\t\t<div class=\"spectra-image-gallery spectra-image-gallery__layout--grid spectra-image-gallery__layout--grid-col-3 spectra-image-gallery__layout--grid-col-tab-3 spectra-image-gallery__layout--grid-col-mob-2\">\n\t\t\t\t\t\t\t\t\t\t\t<div class='spectra-image-gallery__media-wrapper' data-spectra-gallery-image-id='65' tabindex=\"0\">\n\t\t\t\t\t\t\t<div class=\"spectra-image-gallery__media spectra-image-gallery__media--grid\">\n\t\t\t\t<picture>\n\t\t\t\t\t<source media=\"(min-width: 1024px)\" srcset=\"https:\/\/atoutprix-quimper.com\/wp-content\/uploads\/2026\/02\/atout-prix_quimper_produit08.jpg\">\n\t\t\t\t\t<source media=\"(min-width: 768px)\" srcset=\"https:\/\/atoutprix-quimper.com\/wp-content\/uploads\/2026\/02\/atout-prix_quimper_produit08-1024x768.jpg\">\n\t\t\t\t\t<img decoding=\"async\" class=\"spectra-image-gallery__media-thumbnail spectra-image-gallery__media-thumbnail--grid\" src=\"https:\/\/atoutprix-quimper.com\/wp-content\/uploads\/2026\/02\/atout-prix_quimper_produit08-300x225.jpg\" alt=\"\" loading=\"lazy\" \/>\n\t\t\t\t<\/picture>\n\t\t\t\t<div class=\"spectra-image-gallery__media-thumbnail-blurrer\"><\/div>\n\t\t\t\t\t\t\t\t\t\t\t<div class=\"spectra-image-gallery__media-thumbnail-caption-wrapper spectra-image-gallery__media-thumbnail-caption-wrapper--overlay\"><\/div>\n\t\t\t\t\t\t\t\t<\/div>\n\t\t\t\t\t\t<\/div>\n\t\t\t\t\t\t<div class='spectra-image-gallery__media-wrapper' data-spectra-gallery-image-id='69' tabindex=\"0\">\n\t\t\t\t\t\t\t<div class=\"spectra-image-gallery__media spectra-image-gallery__media--grid\">\n\t\t\t\t<picture>\n\t\t\t\t\t<source media=\"(min-width: 1024px)\" srcset=\"https:\/\/atoutprix-quimper.com\/wp-content\/uploads\/2026\/02\/atout-prix_quimper_produit12.jpg\">\n\t\t\t\t\t<source media=\"(min-width: 768px)\" srcset=\"https:\/\/atoutprix-quimper.com\/wp-content\/uploads\/2026\/02\/atout-prix_quimper_produit12-1024x613.jpg\">\n\t\t\t\t\t<img decoding=\"async\" class=\"spectra-image-gallery__media-thumbnail spectra-image-gallery__media-thumbnail--grid\" src=\"https:\/\/atoutprix-quimper.com\/wp-content\/uploads\/2026\/02\/atout-prix_quimper_produit12-300x180.jpg\" alt=\"\" loading=\"lazy\" \/>\n\t\t\t\t<\/picture>\n\t\t\t\t<div class=\"spectra-image-gallery__media-thumbnail-blurrer\"><\/div>\n\t\t\t\t\t\t\t\t\t\t\t<div class=\"spectra-image-gallery__media-thumbnail-caption-wrapper spectra-image-gallery__media-thumbnail-caption-wrapper--overlay\"><\/div>\n\t\t\t\t\t\t\t\t<\/div>\n\t\t\t\t\t\t<\/div>\n\t\t\t\t\t\t<div class='spectra-image-gallery__media-wrapper' data-spectra-gallery-image-id='70' tabindex=\"0\">\n\t\t\t\t\t\t\t<div class=\"spectra-image-gallery__media spectra-image-gallery__media--grid\">\n\t\t\t\t<picture>\n\t\t\t\t\t<source media=\"(min-width: 1024px)\" srcset=\"https:\/\/atoutprix-quimper.com\/wp-content\/uploads\/2026\/02\/atout-prix_quimper_produit13.jpg\">\n\t\t\t\t\t<source media=\"(min-width: 768px)\" srcset=\"https:\/\/atoutprix-quimper.com\/wp-content\/uploads\/2026\/02\/atout-prix_quimper_produit13-1024x1024.jpg\">\n\t\t\t\t\t<img decoding=\"async\" class=\"spectra-image-gallery__media-thumbnail spectra-image-gallery__media-thumbnail--grid\" src=\"https:\/\/atoutprix-quimper.com\/wp-content\/uploads\/2026\/02\/atout-prix_quimper_produit13-300x300.jpg\" alt=\"\" loading=\"lazy\" \/>\n\t\t\t\t<\/picture>\n\t\t\t\t<div class=\"spectra-image-gallery__media-thumbnail-blurrer\"><\/div>\n\t\t\t\t\t\t\t\t\t\t\t<div class=\"spectra-image-gallery__media-thumbnail-caption-wrapper spectra-image-gallery__media-thumbnail-caption-wrapper--overlay\"><\/div>\n\t\t\t\t\t\t\t\t<\/div>\n\t\t\t\t\t\t<\/div>\n\t\t\t\t\t\t\t\t\t\t<\/div>\n\t\t\t\t\t\t\t\t\t\t\t\t\t\t\t\t\t\t<\/div>\n\t\t\t\t\t\t\t\t\t\n\n\n<div class=\"wp-block-uagb-separator uagb-block-372ccdbc\"><div class=\"uagb-separator-spacing-wrapper\"><div class=\"wp-block-uagb-separator__inner\" style=\"--my-background-image:\"><\/div><\/div><\/div>\n\n\n\n<div class=\"wp-block-uagb-separator uagb-block-eba70a09\"><div class=\"uagb-separator-spacing-wrapper\"><div class=\"wp-block-uagb-separator__inner\" style=\"--my-background-image:\"><\/div><\/div><\/div>\n\n\n<nav class=\"has-medium-font-size is-responsive items-justified-center wp-block-navigation is-content-justification-center is-layout-flex wp-container-core-navigation-is-layout-16018d1d wp-block-navigation-is-layout-flex\" aria-label=\"Navigation\" \n\t\t data-wp-interactive=\"core\/navigation\" data-wp-context='{\"overlayOpenedBy\":{\"click\":false,\"hover\":false,\"focus\":false},\"type\":\"overlay\",\"roleAttribute\":\"\",\"ariaLabel\":\"Menu\"}'><button aria-haspopup=\"dialog\" aria-label=\"Ouvrir le menu\" class=\"wp-block-navigation__responsive-container-open\" \n\t\t\t\tdata-wp-on--click=\"actions.openMenuOnClick\"\n\t\t\t\tdata-wp-on--keydown=\"actions.handleMenuKeydown\"\n\t\t\t><svg width=\"24\" height=\"24\" xmlns=\"http:\/\/www.w3.org\/2000\/svg\" viewBox=\"0 0 24 24\" aria-hidden=\"true\" focusable=\"false\"><path d=\"M4 7.5h16v1.5H4z\"><\/path><path d=\"M4 15h16v1.5H4z\"><\/path><\/svg><\/button>\n\t\t\t\t<div class=\"wp-block-navigation__responsive-container\"  id=\"modal-1\" \n\t\t\t\tdata-wp-class--has-modal-open=\"state.isMenuOpen\"\n\t\t\t\tdata-wp-class--is-menu-open=\"state.isMenuOpen\"\n\t\t\t\tdata-wp-watch=\"callbacks.initMenu\"\n\t\t\t\tdata-wp-on--keydown=\"actions.handleMenuKeydown\"\n\t\t\t\tdata-wp-on--focusout=\"actions.handleMenuFocusout\"\n\t\t\t\ttabindex=\"-1\"\n\t\t\t>\n\t\t\t\t\t<div class=\"wp-block-navigation__responsive-close\" tabindex=\"-1\">\n\t\t\t\t\t\t<div class=\"wp-block-navigation__responsive-dialog\" \n\t\t\t\tdata-wp-bind--aria-modal=\"state.ariaModal\"\n\t\t\t\tdata-wp-bind--aria-label=\"state.ariaLabel\"\n\t\t\t\tdata-wp-bind--role=\"state.roleAttribute\"\n\t\t\t>\n\t\t\t\t\t\t\t<button aria-label=\"Fermer le menu\" class=\"wp-block-navigation__responsive-container-close\" \n\t\t\t\tdata-wp-on--click=\"actions.closeMenuOnClick\"\n\t\t\t><svg xmlns=\"http:\/\/www.w3.org\/2000\/svg\" viewBox=\"0 0 24 24\" width=\"24\" height=\"24\" aria-hidden=\"true\" focusable=\"false\"><path d=\"m13.06 12 6.47-6.47-1.06-1.06L12 10.94 5.53 4.47 4.47 5.53 10.94 12l-6.47 6.47 1.06 1.06L12 13.06l6.47 6.47 1.06-1.06L13.06 12Z\"><\/path><\/svg><\/button>\n\t\t\t\t\t\t\t<div class=\"wp-block-navigation__responsive-container-content\" \n\t\t\t\tdata-wp-watch=\"callbacks.focusFirstElement\"\n\t\t\t id=\"modal-1-content\">\n\t\t\t\t\t\t\t\t<ul class=\"wp-block-navigation__container has-medium-font-size is-responsive items-justified-center wp-block-navigation has-medium-font-size\"><li class=\"has-medium-font-size wp-block-navigation-item wp-block-navigation-link\"><a class=\"wp-block-navigation-item__content\"  href=\"https:\/\/atoutprix-quimper.com\/\"><span class=\"wp-block-navigation-item__label\">Accueil<\/span><\/a><\/li><li class=\"has-medium-font-size wp-block-navigation-item wp-block-navigation-link\"><a class=\"wp-block-navigation-item__content\"  href=\"https:\/\/atoutprix-quimper.com\/index.php\/recrutement\/\"><span class=\"wp-block-navigation-item__label\">Recrutement<\/span><\/a><\/li><li class=\"has-medium-font-size wp-block-navigation-item wp-block-navigation-link\"><a class=\"wp-block-navigation-item__content\"  href=\"https:\/\/atoutprix-quimper.com\/index.php\/mentions-legales\/\"><span class=\"wp-block-navigation-item__label\">Mentions l\u00e9gales<\/span><\/a><\/li><li class=\"has-medium-font-size wp-block-navigation-item wp-block-navigation-link\"><a class=\"wp-block-navigation-item__content\"  href=\"https:\/\/atoutprix-quimper.com\/index.php\/contact\/\"><span class=\"wp-block-navigation-item__label\">Contact<\/span><\/a><\/li><\/ul>\n\t\t\t\t\t\t\t<\/div>\n\t\t\t\t\t\t<\/div>\n\t\t\t\t\t<\/div>\n\t\t\t\t<\/div><\/nav>","protected":false},"excerpt":{"rendered":"<p>Bienvenue chez Atout Prix ! Nous sommes un magasin de destockage, ouvert depuis 2003 et situ\u00e9 au 81-83 avenue TyBos \u00e0 Quimper. Notre magasin dispose d&rsquo;une surface de 2000m\u00b2 pour vous proposer des produits de grandes marques de qualit\u00e9, \u00e0 prix exceptionnels. Ceux-ci sont multiples : pr\u00eat \u00e0 porter, chaussures, cosm\u00e9tique, \u00e9lectrom\u00e9nager, d\u00e9coration, accessoires, alimentaire\u2026 Nous proposons les meilleurs produits issus de saisies, liquidations, judiciaires, faillites, litiges transports, destock usines, retour douanes, etc. Venez chercher chez nous ce que vous ne trouverez pas ailleurs, au meilleur prix !<\/p>\n","protected":false},"author":1,"featured_media":0,"parent":0,"menu_order":0,"comment_status":"closed","ping_status":"closed","template":"","meta":{"_uag_custom_page_level_css":"","footnotes":""},"class_list":["post-15","page","type-page","status-publish","hentry"],"uagb_featured_image_src":{"full":false,"thumbnail":false,"medium":false,"medium_large":false,"large":false,"1536x1536":false,"2048x2048":false,"bard-slider-full-thumbnail":false,"bard-full-thumbnail":false,"bard-grid-thumbnail":false,"bard-list-thumbnail":false,"bard-single-navigation":false},"uagb_author_info":{"display_name":"admin2992","author_link":"https:\/\/atoutprix-quimper.com\/index.php\/author\/admin2992\/"},"uagb_comment_info":0,"uagb_excerpt":"Bienvenue chez Atout Prix ! Nous sommes un magasin de destockage, ouvert depuis 2003 et situ\u00e9 au 81-83 avenue TyBos \u00e0 Quimper. Notre magasin dispose d&rsquo;une surface de 2000m\u00b2 pour vous proposer des produits de grandes marques de qualit\u00e9, \u00e0 prix exceptionnels. Ceux-ci sont multiples : pr\u00eat \u00e0 porter, chaussures, cosm\u00e9tique, \u00e9lectrom\u00e9nager, d\u00e9coration, accessoires, alimentaire\u2026\u2026","_links":{"self":[{"href":"https:\/\/atoutprix-quimper.com\/index.php\/wp-json\/wp\/v2\/pages\/15","targetHints":{"allow":["GET"]}}],"collection":[{"href":"https:\/\/atoutprix-quimper.com\/index.php\/wp-json\/wp\/v2\/pages"}],"about":[{"href":"https:\/\/atoutprix-quimper.com\/index.php\/wp-json\/wp\/v2\/types\/page"}],"author":[{"embeddable":true,"href":"https:\/\/atoutprix-quimper.com\/index.php\/wp-json\/wp\/v2\/users\/1"}],"replies":[{"embeddable":true,"href":"https:\/\/atoutprix-quimper.com\/index.php\/wp-json\/wp\/v2\/comments?post=15"}],"version-history":[{"count":47,"href":"https:\/\/atoutprix-quimper.com\/index.php\/wp-json\/wp\/v2\/pages\/15\/revisions"}],"predecessor-version":[{"id":280,"href":"https:\/\/atoutprix-quimper.com\/index.php\/wp-json\/wp\/v2\/pages\/15\/revisions\/280"}],"wp:attachment":[{"href":"https:\/\/atoutprix-quimper.com\/index.php\/wp-json\/wp\/v2\/media?parent=15"}],"curies":[{"name":"wp","href":"https:\/\/api.w.org\/{rel}","templated":true}]}}